{"id":30339,"date":"2024-02-12T13:16:36","date_gmt":"2024-02-12T11:16:36","guid":{"rendered":"https:\/\/dev6.nobreaks.fi\/?page_id=30339"},"modified":"2025-09-26T13:53:52","modified_gmt":"2025-09-26T10:53:52","slug":"funktionsprincip-och-dimensionering-av-varmeatervinningssystemet","status":"publish","type":"page","link":"https:\/\/dev6.nobreaks.fi\/sv\/funktionsprincip-och-dimensionering-av-varmeatervinningssystemet","title":{"rendered":"Funktionsprincip och dimensionering av v\u00e4rme\u00e5tervinningssystemet"},"content":{"rendered":"\t\t<div data-elementor-type=\"wp-page\" data-elementor-id=\"30339\" class=\"elementor elementor-30339\" data-elementor-post-type=\"page\">\n\t\t\t\t\t\t<section class=\"elementor-section elementor-top-section elementor-element elementor-element-7db9733 elementor-section-height-min-height elementor-section-full_width elementor-section-stretched elementor-section-height-default elementor-section-items-middle\" data-id=\"7db9733\" data-element_type=\"section\" data-e-type=\"section\" data-settings=\"{&quot;background_background&quot;:&quot;classic&quot;,&quot;jet_parallax_layout_list&quot;:[],&quot;stretch_section&quot;:&quot;section-stretched&quot;}\">\n\t\t\t\t\t\t<div class=\"elementor-container elementor-column-gap-no\">\n\t\t\t\t\t<div class=\"elementor-column elementor-col-100 elementor-top-column elementor-element elementor-element-0f82738\" data-id=\"0f82738\" data-element_type=\"column\" data-e-type=\"column\">\n\t\t\t<div class=\"elementor-widget-wrap elementor-element-populated\">\n\t\t\t\t\t\t<div class=\"elementor-element elementor-element-662a470 elementor-widget elementor-widget-heading\" data-id=\"662a470\" data-element_type=\"widget\" data-e-type=\"widget\" data-widget_type=\"heading.default\">\n\t\t\t\t<div class=\"elementor-widget-container\">\n\t\t\t\t\t<h1 class=\"elementor-heading-title elementor-size-default\">Funktionsprincip och dimensionering<br> av v\u00e4rme\u00e5tervinningssystemet<\/h1>\t\t\t\t<\/div>\n\t\t\t\t<\/div>\n\t\t\t\t\t<\/div>\n\t\t<\/div>\n\t\t\t\t\t<\/div>\n\t\t<\/section>\n\t\t\t\t<section class=\"elementor-section elementor-top-section elementor-element elementor-element-2e07b06 elementor-section-boxed elementor-section-height-default elementor-section-height-default\" data-id=\"2e07b06\" data-element_type=\"section\" data-e-type=\"section\" data-settings=\"{&quot;jet_parallax_layout_list&quot;:[]}\">\n\t\t\t\t\t\t<div class=\"elementor-container elementor-column-gap-default\">\n\t\t\t\t\t<div class=\"elementor-column elementor-col-100 elementor-top-column elementor-element elementor-element-c28532c\" data-id=\"c28532c\" data-element_type=\"column\" data-e-type=\"column\">\n\t\t\t<div class=\"elementor-widget-wrap elementor-element-populated\">\n\t\t\t\t\t\t<div class=\"elementor-element elementor-element-f42c485 elementor-widget elementor-widget-text-editor\" data-id=\"f42c485\" data-element_type=\"widget\" data-e-type=\"widget\" data-widget_type=\"text-editor.default\">\n\t\t\t\t<div class=\"elementor-widget-container\">\n\t\t\t\t\t\t\t\t\t<div class=\"elementor-element elementor-element-7abf9c8 elementor-widget elementor-widget-text-editor\" data-id=\"7abf9c8\" data-element_type=\"widget\" data-widget_type=\"text-editor.default\">\n<div class=\"elementor-widget-container\">\n<p>N\u00e5lv\u00e4rmev\u00e4xlare anv\u00e4nds fr\u00e4mst i indirekta rekuperativa, v\u00e4tskekopplade, v\u00e4rme\u00e5tervinningssystem, d\u00e4r v\u00e4rme fr\u00e5n fr\u00e5nluften \u00f6verf\u00f6rs till tilluften. En n\u00e5lv\u00e4rmev\u00e4xlare f\u00e5ngar upp v\u00e4rmeenergi fr\u00e5n fr\u00e5nluften och absorberar den i v\u00e4rme\u00f6verf\u00f6ringsv\u00e4tskan. V\u00e4tskan pumpas av en v\u00e4tskepump till en annan n\u00e5lv\u00e4rmev\u00e4xlare, d\u00e4r v\u00e4rmeenergin i v\u00e4tskan f\u00f6rv\u00e4rmer tilluften. Det inneb\u00e4r att 50-90% av det \u00e5rliga uppv\u00e4rmningsbehovet f\u00f6r tilluften t\u00e4cks av v\u00e4rmeenergin i fr\u00e5nluften.<\/p>\n<\/div>\n<\/div>\n<div class=\"elementor-element elementor-element-9113262 elementor-widget elementor-widget-text-editor\" data-id=\"9113262\" data-element_type=\"widget\" data-widget_type=\"text-editor.default\">\n<div class=\"elementor-widget-container\">\n<p>F\u00f6rdelen med ett v\u00e4tskekopplat V\u00c5V-system j\u00e4mf\u00f6rt med ett centraliserat V\u00c5V-system \u00e4r bl.a. att inga f\u00f6roreningar, bakterier, lukter eller fukt kan \u00f6verf\u00f6ras fr\u00e5n fr\u00e5nluften till tilluften. Dessutom kan tillufts- och fr\u00e5nluftsaggregaten vara placerade i olika delar av byggnaden.<\/p>\n<\/div>\n<\/div>\n\t\t\t\t\t\t\t\t<\/div>\n\t\t\t\t<\/div>\n\t\t\t\t<div class=\"elementor-element elementor-element-d45dbd0 elementor-widget elementor-widget-image\" data-id=\"d45dbd0\" data-element_type=\"widget\" data-e-type=\"widget\" data-widget_type=\"image.default\">\n\t\t\t\t<div class=\"elementor-widget-container\">\n\t\t\t\t\t\t\t\t\t\t\t\t\t\t\t<img fetchpriority=\"high\" decoding=\"async\" width=\"600\" height=\"400\" src=\"https:\/\/dev6.nobreaks.fi\/wp-content\/uploads\/sov-i-a.jpg\" class=\"attachment-large size-large wp-image-28043\" alt=\"\" srcset=\"https:\/\/dev6.nobreaks.fi\/wp-content\/uploads\/sov-i-a.jpg 600w, https:\/\/dev6.nobreaks.fi\/wp-content\/uploads\/sov-i-a-300x200.jpg 300w\" sizes=\"(max-width: 600px) 100vw, 600px\" \/>\t\t\t\t\t\t\t\t\t\t\t\t\t\t\t<\/div>\n\t\t\t\t<\/div>\n\t\t\t\t<div class=\"elementor-element elementor-element-fc87f94 elementor-widget elementor-widget-text-editor\" data-id=\"fc87f94\" data-element_type=\"widget\" data-e-type=\"widget\" data-widget_type=\"text-editor.default\">\n\t\t\t\t<div class=\"elementor-widget-container\">\n\t\t\t\t\t\t\t\t\t<p>Retermia v\u00e4rme\u00e5tervinning \u00e4r l\u00e4mplig f\u00f6r installation i b\u00e5de nya och befintliga byggnader. Ett gammalt ventilationssystem kan konverteras fr\u00e5n energisl\u00f6sande till energibesparande, utan att fl\u00e4ktar eller annan utrustning beh\u00f6ver bytas ut. Samtidigt \u00e4r det m\u00f6jligt att l\u00e4gga till mekanisk kylning till systemet: V\u00c5V-systemets n\u00e5lv\u00e4rmev\u00e4xlare p\u00e5 tilluftssidan fungerar ocks\u00e5 som ett kylbatteri, om det beh\u00f6vs.<\/p>\n<p>N\u00e5lv\u00e4rmev\u00e4xlare kan dimensioneras f\u00f6r samma termisk verkningsgrad eller effekt som konventionella batterier. Fronthastigheten och antalet rader p\u00e5 v\u00e4xlaren \u00e4r dock betydligt l\u00e4gre. Detta resulterar i betydligt l\u00e4gre tryckf\u00f6rluster p\u00e5 luft- och v\u00e4tskesidan.<\/p>\n\t\t\t\t\t\t\t\t<\/div>\n\t\t\t\t<\/div>\n\t\t\t\t<div class=\"elementor-element elementor-element-ddddff9 elementor-widget elementor-widget-image\" data-id=\"ddddff9\" data-element_type=\"widget\" data-e-type=\"widget\" data-widget_type=\"image.default\">\n\t\t\t\t<div class=\"elementor-widget-container\">\n\t\t\t\t\t\t\t\t\t\t\t\t\t\t\t\t<a href=\"https:\/\/dev6.nobreaks.fi\/wp-content\/uploads\/lampotilasuhteen-vaikutus-LTO-patterin-kokoon_RU-2.jpg\" data-elementor-open-lightbox=\"yes\" data-e-action-hash=\"#elementor-action%3Aaction%3Dlightbox%26settings%3DeyJpZCI6MzExMzQsInVybCI6Imh0dHBzOlwvXC9kZXY2Lm5vYnJlYWtzLmZpXC93cC1jb250ZW50XC91cGxvYWRzXC9sYW1wb3RpbGFzdWh0ZWVuLXZhaWt1dHVzLUxUTy1wYXR0ZXJpbi1rb2tvb25fUlUtMi5qcGcifQ%3D%3D\">\n\t\t\t\t\t\t\t<img decoding=\"async\" width=\"768\" height=\"543\" src=\"https:\/\/dev6.nobreaks.fi\/wp-content\/uploads\/lampotilasuhteen-vaikutus-LTO-patterin-kokoon_RU-2-768x543.jpg\" class=\"attachment-medium_large size-medium_large wp-image-31134\" alt=\"\" srcset=\"https:\/\/dev6.nobreaks.fi\/wp-content\/uploads\/lampotilasuhteen-vaikutus-LTO-patterin-kokoon_RU-2-768x543.jpg 768w, https:\/\/dev6.nobreaks.fi\/wp-content\/uploads\/lampotilasuhteen-vaikutus-LTO-patterin-kokoon_RU-2-600x424.jpg 600w, https:\/\/dev6.nobreaks.fi\/wp-content\/uploads\/lampotilasuhteen-vaikutus-LTO-patterin-kokoon_RU-2-1200x848.jpg 1200w, https:\/\/dev6.nobreaks.fi\/wp-content\/uploads\/lampotilasuhteen-vaikutus-LTO-patterin-kokoon_RU-2-300x212.jpg 300w, https:\/\/dev6.nobreaks.fi\/wp-content\/uploads\/lampotilasuhteen-vaikutus-LTO-patterin-kokoon_RU-2-1536x1086.jpg 1536w, https:\/\/dev6.nobreaks.fi\/wp-content\/uploads\/lampotilasuhteen-vaikutus-LTO-patterin-kokoon_RU-2.jpg 1920w\" sizes=\"(max-width: 768px) 100vw, 768px\" \/>\t\t\t\t\t\t\t\t<\/a>\n\t\t\t\t\t\t\t\t\t\t\t\t\t\t\t<\/div>\n\t\t\t\t<\/div>\n\t\t\t\t<div class=\"elementor-element elementor-element-7d5ab71 elementor-widget-divider--view-line elementor-widget elementor-widget-divider\" data-id=\"7d5ab71\" data-element_type=\"widget\" data-e-type=\"widget\" data-widget_type=\"divider.default\">\n\t\t\t\t<div class=\"elementor-widget-container\">\n\t\t\t\t\t\t\t<div class=\"elementor-divider\">\n\t\t\t<span class=\"elementor-divider-separator\">\n\t\t\t\t\t\t<\/span>\n\t\t<\/div>\n\t\t\t\t\t\t<\/div>\n\t\t\t\t<\/div>\n\t\t\t\t<div class=\"elementor-element elementor-element-930bec7 elementor-widget elementor-widget-text-editor\" data-id=\"930bec7\" data-element_type=\"widget\" data-e-type=\"widget\" data-widget_type=\"text-editor.default\">\n\t\t\t\t<div class=\"elementor-widget-container\">\n\t\t\t\t\t\t\t\t\t<p style=\"text-align: center;\"><strong>Effekt av termiska verkningsgraden i ett indirekt V\u00c5V-system p\u00e5 storleken p\u00e5 v\u00e4tske-luft-batteriet.<\/strong><br \/><strong>De r\u00f6dmarkerade rutorna anger det tryckfall i n\u00e5lv\u00e4rmev\u00e4xlaren vid vilket den erforderliga konduktiviteten f\u00f6r V\u00c5V-batteriet uppn\u00e5s.<\/strong><\/p>\n\t\t\t\t\t\t\t\t<\/div>\n\t\t\t\t<\/div>\n\t\t\t\t<div class=\"elementor-element elementor-element-4874887 elementor-widget elementor-widget-text-editor\" data-id=\"4874887\" data-element_type=\"widget\" data-e-type=\"widget\" data-widget_type=\"text-editor.default\">\n\t\t\t\t<div class=\"elementor-widget-container\">\n\t\t\t\t\t\t\t\t\t<p>Det \u00e4r n\u00e4stan aldrig v\u00e4rt att dimensionera ett indirekt V\u00c5V-system f\u00f6r ventilation till en termisk verkningsgrad \u00f6ver 70% <a href=\"https:\/\/dev6.nobreaks.fi\/wp-content\/uploads\/RetermiaNews_1_2015_RU_uudelleen-linkitetty-\u2013-2024.pdf\" target=\"_blank\" rel=\"noopener\">(Retermia News 1\/2016<\/a>). Dessutom \u00e4r fr\u00e5nluftsbatteriet mer ben\u00e4get att frosta n\u00e4r termiska verkningsgraden maximeras. Det \u00e4r vettigt att komplettera V\u00c5V-system med intelligenta designl\u00f6sningar, som inte bara anv\u00e4nder fr\u00e5nluft utan \u00e4ven andra k\u00e4llor till gratis energi eller spillv\u00e4rme, s\u00e5som returvatten fr\u00e5n kyln\u00e4tet, jord-, vatten- och solenergi, samt kondensationsv\u00e4rme fr\u00e5n kylutrustning f\u00f6r livsmedelskylning, till exempel. Intelligenta designl\u00f6sningar, som passiv uppv\u00e4rmning och kylning av tilluften, kan f\u00f6rb\u00e4ttra f\u00f6rm\u00e5gan att minska effekttoppar och s\u00e4kerst\u00e4lla att V\u00c5V-systemet fungerar med full kapacitet \u00e4ven vid str\u00e4ng k\u00f6ld.<\/p><p>Produkternas prestanda har verifierats genom m\u00e4tningar. N\u00e5lv\u00e4rmev\u00e4xlarens v\u00e4rme\u00f6verf\u00f6ringskapacitet, filtreringsklass och effekten av nedsmutsning p\u00e5 v\u00e4rme\u00f6verf\u00f6ringskapacitet har m\u00e4tts i laboratoriet. Nedan visas m\u00e4tresultaten f\u00f6r det v\u00e4tskekopplade v\u00e4rme\u00e5tervinningssystemet best\u00e5ende av 6-radiga n\u00e5lv\u00e4rmev\u00e4xlare.<\/p>\t\t\t\t\t\t\t\t<\/div>\n\t\t\t\t<\/div>\n\t\t\t\t<div class=\"elementor-element elementor-element-1bb99da elementor-widget elementor-widget-image\" data-id=\"1bb99da\" data-element_type=\"widget\" data-e-type=\"widget\" data-widget_type=\"image.default\">\n\t\t\t\t<div class=\"elementor-widget-container\">\n\t\t\t\t\t\t\t\t\t\t\t\t\t\t\t<img decoding=\"async\" width=\"800\" height=\"600\" src=\"https:\/\/dev6.nobreaks.fi\/wp-content\/uploads\/lampotilasuhde-ilmapuolen-vakiona_ruotsi.jpg\" class=\"attachment-large size-large wp-image-31100\" alt=\"\" srcset=\"https:\/\/dev6.nobreaks.fi\/wp-content\/uploads\/lampotilasuhde-ilmapuolen-vakiona_ruotsi.jpg 800w, https:\/\/dev6.nobreaks.fi\/wp-content\/uploads\/lampotilasuhde-ilmapuolen-vakiona_ruotsi-600x450.jpg 600w, https:\/\/dev6.nobreaks.fi\/wp-content\/uploads\/lampotilasuhde-ilmapuolen-vakiona_ruotsi-300x225.jpg 300w, https:\/\/dev6.nobreaks.fi\/wp-content\/uploads\/lampotilasuhde-ilmapuolen-vakiona_ruotsi-768x576.jpg 768w\" sizes=\"(max-width: 800px) 100vw, 800px\" \/>\t\t\t\t\t\t\t\t\t\t\t\t\t\t\t<\/div>\n\t\t\t\t<\/div>\n\t\t\t\t<div class=\"elementor-element elementor-element-80e6877 elementor-widget-divider--view-line elementor-widget elementor-widget-divider\" data-id=\"80e6877\" data-element_type=\"widget\" data-e-type=\"widget\" data-widget_type=\"divider.default\">\n\t\t\t\t<div class=\"elementor-widget-container\">\n\t\t\t\t\t\t\t<div class=\"elementor-divider\">\n\t\t\t<span class=\"elementor-divider-separator\">\n\t\t\t\t\t\t<\/span>\n\t\t<\/div>\n\t\t\t\t\t\t<\/div>\n\t\t\t\t<\/div>\n\t\t\t\t<div class=\"elementor-element elementor-element-9f1f54c elementor-widget elementor-widget-text-editor\" data-id=\"9f1f54c\" data-element_type=\"widget\" data-e-type=\"widget\" data-widget_type=\"text-editor.default\">\n\t\t\t\t<div class=\"elementor-widget-container\">\n\t\t\t\t\t\t\t\t\t<p style=\"text-align: center;\"><strong>Uppm\u00e4tta termiska verkningsgraden hos ett v\u00e4rme\u00e5tervinningssystem med vissa typer av tv\u00e5delad n\u00e5lv\u00e4rmev\u00e4xlare som en funktion av tryckf\u00f6rlust f\u00f6r batteriets luftsida. V\u00e4tskesidans tryckf\u00f6rlust av n\u00e5lv\u00e4rmev\u00e4xlaren vid varje m\u00e4tpunkt visas ovanf\u00f6r\/under m\u00e4tpunkten i fr\u00e5ga.<\/strong><\/p>\n\t\t\t\t\t\t\t\t<\/div>\n\t\t\t\t<\/div>\n\t\t\t\t<div class=\"elementor-element elementor-element-6701a43 elementor-widget elementor-widget-text-editor\" data-id=\"6701a43\" data-element_type=\"widget\" data-e-type=\"widget\" data-widget_type=\"text-editor.default\">\n\t\t\t\t<div class=\"elementor-widget-container\">\n\t\t\t\t\t\t\t\t\t<p>ECO2018 krav f\u00f6r termiska verkningsgrad (68%) uppfylls med 6-rad djupa n\u00e5lsv\u00e4rmev\u00e4xlare. Luftmotst\u00e5ndet f\u00f6r en enskild n\u00e5lv\u00e4rmev\u00e4xlare \u00e4r mindre \u00e4n 50 Pa och v\u00e4tskemotst\u00e5ndet \u00e4r mindre \u00e4n 100 kPa.<\/p>\n<p>N\u00e4r luftbehandlingsaggregatet k\u00f6rs med partiellt luftfl\u00f6de, f\u00f6rb\u00e4ttras Retermia V\u00c5V-systemets termiska verkningsgrad n\u00e5got, eftersom luftfl\u00f6det i n\u00e5lv\u00e4rmev\u00e4xlaren inte blir lamin\u00e4rt. Detta kan ses i ovanp\u00e5 figur: den termiska verkningsgraden f\u00f6rb\u00e4ttras n\u00e4r tryckf\u00f6rlust p\u00e5 luftsidan minskar.<\/p>\n\t\t\t\t\t\t\t\t<\/div>\n\t\t\t\t<\/div>\n\t\t\t\t\t<\/div>\n\t\t<\/div>\n\t\t\t\t\t<\/div>\n\t\t<\/section>\n\t\t\t\t<\/div>\n\t\t","protected":false},"excerpt":{"rendered":"<p>N\u00e5lv\u00e4rmev\u00e4xlare anv\u00e4nds fr\u00e4mst i indirekta rekuperativa, v\u00e4tskekopplade, v\u00e4rme\u00e5tervinningssystem, d\u00e4r v\u00e4rme fr\u00e5n fr\u00e5nluften \u00f6verf\u00f6rs till tilluften.<\/p>\n","protected":false},"author":13,"featured_media":31247,"parent":0,"menu_order":0,"comment_status":"closed","ping_status":"closed","template":"elementor_header_footer","meta":{"inline_featured_image":false,"footnotes":""},"hakunakyvyys":[],"yhteinen-luokittelutieto":[],"sivujen-luokittelutieto":[624],"class_list":["post-30339","page","type-page","status-publish","has-post-thumbnail","hentry","sivujen-luokittelutieto-lto-periaatekaaviot-ja-iv-koneen-jarjestys-sv"],"_links":{"self":[{"href":"https:\/\/dev6.nobreaks.fi\/sv\/wp-json\/wp\/v2\/pages\/30339","targetHints":{"allow":["GET"]}}],"collection":[{"href":"https:\/\/dev6.nobreaks.fi\/sv\/wp-json\/wp\/v2\/pages"}],"about":[{"href":"https:\/\/dev6.nobreaks.fi\/sv\/wp-json\/wp\/v2\/types\/page"}],"author":[{"embeddable":true,"href":"https:\/\/dev6.nobreaks.fi\/sv\/wp-json\/wp\/v2\/users\/13"}],"replies":[{"embeddable":true,"href":"https:\/\/dev6.nobreaks.fi\/sv\/wp-json\/wp\/v2\/comments?post=30339"}],"version-history":[{"count":3,"href":"https:\/\/dev6.nobreaks.fi\/sv\/wp-json\/wp\/v2\/pages\/30339\/revisions"}],"predecessor-version":[{"id":32639,"href":"https:\/\/dev6.nobreaks.fi\/sv\/wp-json\/wp\/v2\/pages\/30339\/revisions\/32639"}],"wp:featuredmedia":[{"embeddable":true,"href":"https:\/\/dev6.nobreaks.fi\/sv\/wp-json\/wp\/v2\/media\/31247"}],"wp:attachment":[{"href":"https:\/\/dev6.nobreaks.fi\/sv\/wp-json\/wp\/v2\/media?parent=30339"}],"wp:term":[{"taxonomy":"hakunakyvyys","embeddable":true,"href":"https:\/\/dev6.nobreaks.fi\/sv\/wp-json\/wp\/v2\/hakunakyvyys?post=30339"},{"taxonomy":"yhteinen-luokittelutieto","embeddable":true,"href":"https:\/\/dev6.nobreaks.fi\/sv\/wp-json\/wp\/v2\/yhteinen-luokittelutieto?post=30339"},{"taxonomy":"sivujen-luokittelutieto","embeddable":true,"href":"https:\/\/dev6.nobreaks.fi\/sv\/wp-json\/wp\/v2\/sivujen-luokittelutieto?post=30339"}],"curies":[{"name":"wp","href":"https:\/\/api.w.org\/{rel}","templated":true}]}}