{"id":30046,"date":"2023-05-17T14:31:35","date_gmt":"2023-05-17T11:31:35","guid":{"rendered":"https:\/\/dev6.nobreaks.fi\/?page_id=30046"},"modified":"2024-04-16T08:15:46","modified_gmt":"2024-04-16T05:15:46","slug":"retermia-nyheter-pdf","status":"publish","type":"page","link":"https:\/\/dev6.nobreaks.fi\/sv\/retermia-nyheter-pdf","title":{"rendered":"Retermia Nyheter (PDF)"},"content":{"rendered":"\t\t<div data-elementor-type=\"wp-page\" data-elementor-id=\"30046\" class=\"elementor elementor-30046 elementor-12475\" data-elementor-post-type=\"page\">\n\t\t\t\t\t\t<section class=\"elementor-section elementor-top-section elementor-element elementor-element-3ce7367c elementor-section-height-min-height elementor-section-boxed elementor-section-height-default elementor-section-items-middle\" data-id=\"3ce7367c\" data-element_type=\"section\" data-e-type=\"section\" data-settings=\"{&quot;background_background&quot;:&quot;classic&quot;,&quot;background_motion_fx_motion_fx_scrolling&quot;:&quot;yes&quot;,&quot;background_motion_fx_scale_effect&quot;:&quot;yes&quot;,&quot;jet_parallax_layout_list&quot;:[],&quot;background_motion_fx_scale_direction&quot;:&quot;out-in&quot;,&quot;background_motion_fx_scale_speed&quot;:{&quot;unit&quot;:&quot;px&quot;,&quot;size&quot;:4,&quot;sizes&quot;:[]},&quot;background_motion_fx_scale_range&quot;:{&quot;unit&quot;:&quot;%&quot;,&quot;size&quot;:&quot;&quot;,&quot;sizes&quot;:{&quot;start&quot;:20,&quot;end&quot;:80}},&quot;background_motion_fx_devices&quot;:[&quot;desktop&quot;,&quot;tablet&quot;,&quot;mobile&quot;]}\">\n\t\t\t\t\t\t<div class=\"elementor-container elementor-column-gap-default\">\n\t\t\t\t\t<div class=\"elementor-column elementor-col-100 elementor-top-column elementor-element elementor-element-45481310\" data-id=\"45481310\" data-element_type=\"column\" data-e-type=\"column\">\n\t\t\t<div class=\"elementor-widget-wrap elementor-element-populated\">\n\t\t\t\t\t\t<div class=\"elementor-element elementor-element-18506ba4 elementor-widget elementor-widget-heading\" data-id=\"18506ba4\" data-element_type=\"widget\" data-e-type=\"widget\" data-widget_type=\"heading.default\">\n\t\t\t\t<div class=\"elementor-widget-container\">\n\t\t\t\t\t<h1 class=\"elementor-heading-title elementor-size-default\">Materialbank<\/h1>\t\t\t\t<\/div>\n\t\t\t\t<\/div>\n\t\t\t\t\t<\/div>\n\t\t<\/div>\n\t\t\t\t\t<\/div>\n\t\t<\/section>\n\t\t\t\t<section class=\"elementor-section elementor-top-section elementor-element elementor-element-21cb5fb elementor-section-full_width elementor-section-height-default elementor-section-height-default\" data-id=\"21cb5fb\" data-element_type=\"section\" data-e-type=\"section\" data-settings=\"{&quot;jet_parallax_layout_list&quot;:[]}\">\n\t\t\t\t\t\t<div class=\"elementor-container elementor-column-gap-default\">\n\t\t\t\t\t<div class=\"elementor-column elementor-col-50 elementor-top-column elementor-element elementor-element-605fa6b\" data-id=\"605fa6b\" data-element_type=\"column\" data-e-type=\"column\">\n\t\t\t<div class=\"elementor-widget-wrap elementor-element-populated\">\n\t\t\t\t\t\t<div class=\"elementor-element elementor-element-1cc9add elementor-widget elementor-widget-spacer\" data-id=\"1cc9add\" data-element_type=\"widget\" data-e-type=\"widget\" data-widget_type=\"spacer.default\">\n\t\t\t\t<div class=\"elementor-widget-container\">\n\t\t\t\t\t\t\t<div class=\"elementor-spacer\">\n\t\t\t<div class=\"elementor-spacer-inner\"><\/div>\n\t\t<\/div>\n\t\t\t\t\t\t<\/div>\n\t\t\t\t<\/div>\n\t\t\t\t<div class=\"elementor-element elementor-element-ed1cdc6 elementor-widget-tablet__width-initial elementor-widget-mobile__width-initial elementor-widget elementor-widget-global elementor-global-12721 elementor-widget-jet-custom-menu\" data-id=\"ed1cdc6\" data-element_type=\"widget\" data-e-type=\"widget\" data-widget_type=\"jet-custom-menu.default\">\n\t\t\t\t<div class=\"elementor-widget-container\">\n\t\t\t\t\t<div class=\"menu-material-menu-sv-container\"><div class=\"jet-custom-nav jet-custom-nav--dropdown-right-side jet-custom-nav--animation-fade\" data-trigger=\"hover\"><div class=\"menu-item menu-item-type-post_type menu-item-object-page jet-custom-nav__item jet-custom-nav__item-30045\"><a href=\"https:\/\/dev6.nobreaks.fi\/sv\/materialbank\" class=\"jet-custom-nav__item-link\"><div class=\"jet-menu-icon\"><?xml version=\"1.0\" encoding=\"UTF-8\" standalone=\"no\"?>\n<svg xmlns:dc=\"http:\/\/purl.org\/dc\/elements\/1.1\/\" xmlns:cc=\"http:\/\/creativecommons.org\/ns#\" xmlns:rdf=\"http:\/\/www.w3.org\/1999\/02\/22-rdf-syntax-ns#\" xmlns:svg=\"http:\/\/www.w3.org\/2000\/svg\" xmlns=\"http:\/\/www.w3.org\/2000\/svg\" xmlns:sodipodi=\"http:\/\/sodipodi.sourceforge.net\/DTD\/sodipodi-0.dtd\" xmlns:inkscape=\"http:\/\/www.inkscape.org\/namespaces\/inkscape\" viewBox=\"0 -256 1792 1792\" id=\"svg3013\" version=\"1.1\" inkscape:version=\"0.48.3.1 r9886\" width=\"100%\" height=\"100%\" sodipodi:docname=\"plus_font_awesome.svg\">\n  <metadata id=\"metadata3023\"><\/metadata>\n  <defs id=\"defs3021\"><\/defs>\n  <g transform=\"matrix(1,0,0,-1,205.01695,1368.9492)\" id=\"g3015\">\n    <path d=\"M 1408,800 V 608 q 0,-40 -28,-68 -28,-28 -68,-28 H 896 V 96 Q 896,56 868,28 840,0 800,0 H 608 Q 568,0 540,28 512,56 512,96 V 512 H 96 Q 56,512 28,540 0,568 0,608 v 192 q 0,40 28,68 28,28 68,28 h 416 v 416 q 0,40 28,68 28,28 68,28 h 192 q 40,0 68,-28 28,-28 28,-68 V 896 h 416 q 40,0 68,-28 28,-28 28,-68 z\" id=\"path3017\" inkscape:connector-curvature=\"0\" style=\"fill:currentColor\"><\/path>\n  <\/g>\n<\/svg>\n<\/div><span class=\"jet-menu-link-text\"><span class=\"jet-custom-item-label top-level-label\">Video<\/span><\/span><\/a><\/div>\n<div class=\"menu-item menu-item-type-post_type menu-item-object-page jet-custom-nav__item jet-custom-nav__item-30048\"><a href=\"https:\/\/dev6.nobreaks.fi\/sv\/retermia-nyheter-pdf\" class=\"jet-custom-nav__item-link\"><div class=\"jet-menu-icon\"><?xml version=\"1.0\" encoding=\"UTF-8\" standalone=\"no\"?>\n<svg xmlns:dc=\"http:\/\/purl.org\/dc\/elements\/1.1\/\" xmlns:cc=\"http:\/\/creativecommons.org\/ns#\" xmlns:rdf=\"http:\/\/www.w3.org\/1999\/02\/22-rdf-syntax-ns#\" xmlns:svg=\"http:\/\/www.w3.org\/2000\/svg\" xmlns=\"http:\/\/www.w3.org\/2000\/svg\" xmlns:sodipodi=\"http:\/\/sodipodi.sourceforge.net\/DTD\/sodipodi-0.dtd\" xmlns:inkscape=\"http:\/\/www.inkscape.org\/namespaces\/inkscape\" viewBox=\"0 -256 1792 1792\" id=\"svg3013\" version=\"1.1\" inkscape:version=\"0.48.3.1 r9886\" width=\"100%\" height=\"100%\" sodipodi:docname=\"plus_font_awesome.svg\">\n  <metadata id=\"metadata3023\"><\/metadata>\n  <defs id=\"defs3021\"><\/defs>\n  <g transform=\"matrix(1,0,0,-1,205.01695,1368.9492)\" id=\"g3015\">\n    <path d=\"M 1408,800 V 608 q 0,-40 -28,-68 -28,-28 -68,-28 H 896 V 96 Q 896,56 868,28 840,0 800,0 H 608 Q 568,0 540,28 512,56 512,96 V 512 H 96 Q 56,512 28,540 0,568 0,608 v 192 q 0,40 28,68 28,28 68,28 h 416 v 416 q 0,40 28,68 28,28 68,28 h 192 q 40,0 68,-28 28,-28 28,-68 V 896 h 416 q 40,0 68,-28 28,-28 28,-68 z\" id=\"path3017\" inkscape:connector-curvature=\"0\" style=\"fill:currentColor\"><\/path>\n  <\/g>\n<\/svg>\n<\/div><span class=\"jet-menu-link-text\"><span class=\"jet-custom-item-label top-level-label\">Retermia News (PDF)<\/span><\/span><\/a><\/div>\n<div class=\"menu-item menu-item-type-post_type menu-item-object-page jet-custom-nav__item jet-custom-nav__item-30100\"><a href=\"https:\/\/dev6.nobreaks.fi\/sv\/dokument-for-konsulten\" class=\"jet-custom-nav__item-link\"><div class=\"jet-menu-icon\"><?xml version=\"1.0\" encoding=\"UTF-8\" standalone=\"no\"?>\n<svg xmlns:dc=\"http:\/\/purl.org\/dc\/elements\/1.1\/\" xmlns:cc=\"http:\/\/creativecommons.org\/ns#\" xmlns:rdf=\"http:\/\/www.w3.org\/1999\/02\/22-rdf-syntax-ns#\" xmlns:svg=\"http:\/\/www.w3.org\/2000\/svg\" xmlns=\"http:\/\/www.w3.org\/2000\/svg\" xmlns:sodipodi=\"http:\/\/sodipodi.sourceforge.net\/DTD\/sodipodi-0.dtd\" xmlns:inkscape=\"http:\/\/www.inkscape.org\/namespaces\/inkscape\" viewBox=\"0 -256 1792 1792\" id=\"svg3013\" version=\"1.1\" inkscape:version=\"0.48.3.1 r9886\" width=\"100%\" height=\"100%\" sodipodi:docname=\"plus_font_awesome.svg\">\n  <metadata id=\"metadata3023\"><\/metadata>\n  <defs id=\"defs3021\"><\/defs>\n  <g transform=\"matrix(1,0,0,-1,205.01695,1368.9492)\" id=\"g3015\">\n    <path d=\"M 1408,800 V 608 q 0,-40 -28,-68 -28,-28 -68,-28 H 896 V 96 Q 896,56 868,28 840,0 800,0 H 608 Q 568,0 540,28 512,56 512,96 V 512 H 96 Q 56,512 28,540 0,568 0,608 v 192 q 0,40 28,68 28,28 68,28 h 416 v 416 q 0,40 28,68 28,28 68,28 h 192 q 40,0 68,-28 28,-28 28,-68 V 896 h 416 q 40,0 68,-28 28,-28 28,-68 z\" id=\"path3017\" inkscape:connector-curvature=\"0\" style=\"fill:currentColor\"><\/path>\n  <\/g>\n<\/svg>\n<\/div><span class=\"jet-menu-link-text\"><span class=\"jet-custom-item-label top-level-label\">Dokumenter f\u00f6r konsulten<\/span><\/span><\/a><\/div>\n<div class=\"menu-item menu-item-type-post_type menu-item-object-page jet-custom-nav__item jet-custom-nav__item-30095\"><a href=\"https:\/\/dev6.nobreaks.fi\/sv\/installations-och-underhallsanvisningar\" class=\"jet-custom-nav__item-link\"><div class=\"jet-menu-icon\"><?xml version=\"1.0\" encoding=\"UTF-8\" standalone=\"no\"?>\n<svg xmlns:dc=\"http:\/\/purl.org\/dc\/elements\/1.1\/\" xmlns:cc=\"http:\/\/creativecommons.org\/ns#\" xmlns:rdf=\"http:\/\/www.w3.org\/1999\/02\/22-rdf-syntax-ns#\" xmlns:svg=\"http:\/\/www.w3.org\/2000\/svg\" xmlns=\"http:\/\/www.w3.org\/2000\/svg\" xmlns:sodipodi=\"http:\/\/sodipodi.sourceforge.net\/DTD\/sodipodi-0.dtd\" xmlns:inkscape=\"http:\/\/www.inkscape.org\/namespaces\/inkscape\" viewBox=\"0 -256 1792 1792\" id=\"svg3013\" version=\"1.1\" inkscape:version=\"0.48.3.1 r9886\" width=\"100%\" height=\"100%\" sodipodi:docname=\"plus_font_awesome.svg\">\n  <metadata id=\"metadata3023\"><\/metadata>\n  <defs id=\"defs3021\"><\/defs>\n  <g transform=\"matrix(1,0,0,-1,205.01695,1368.9492)\" id=\"g3015\">\n    <path d=\"M 1408,800 V 608 q 0,-40 -28,-68 -28,-28 -68,-28 H 896 V 96 Q 896,56 868,28 840,0 800,0 H 608 Q 568,0 540,28 512,56 512,96 V 512 H 96 Q 56,512 28,540 0,568 0,608 v 192 q 0,40 28,68 28,28 68,28 h 416 v 416 q 0,40 28,68 28,28 68,28 h 192 q 40,0 68,-28 28,-28 28,-68 V 896 h 416 q 40,0 68,-28 28,-28 28,-68 z\" id=\"path3017\" inkscape:connector-curvature=\"0\" style=\"fill:currentColor\"><\/path>\n  <\/g>\n<\/svg>\n<\/div><span class=\"jet-menu-link-text\"><span class=\"jet-custom-item-label top-level-label\">Installations- och underh\u00e5llsanvisningar<\/span><\/span><\/a><\/div>\n<\/div><\/div>\t\t\t\t<\/div>\n\t\t\t\t<\/div>\n\t\t\t\t\t<\/div>\n\t\t<\/div>\n\t\t\t\t<div class=\"elementor-column elementor-col-50 elementor-top-column elementor-element elementor-element-827eb97\" data-id=\"827eb97\" data-element_type=\"column\" data-e-type=\"column\">\n\t\t\t<div class=\"elementor-widget-wrap elementor-element-populated\">\n\t\t\t\t\t\t<div class=\"elementor-element elementor-element-a53ea14 elementor-widget elementor-widget-global elementor-global-26384 elementor-widget-html\" data-id=\"a53ea14\" data-element_type=\"widget\" data-e-type=\"widget\" data-widget_type=\"html.default\">\n\t\t\t\t<div class=\"elementor-widget-container\">\n\t\t\t\t\t<script>\n    jQuery(function(){\n        DEARPDF.defaults.text.downloadPDFFile = \"Lataa PDF-tiedosto\";\n    });\n<\/script>\n<script>\n    jQuery(function(){\n        DEARPDF.defaults.text.gotoFirstPage = \"Siirry alkuun\";\n    });\n<\/script>\n<script>\n    jQuery(function(){\n        DEARPDF.defaults.text.gotoLastPage = \"Siirry loppuun\";\n    });\n<\/script>\n<script>\n    jQuery(function(){\n        DEARPDF.defaults.text.toggleSound = \"\u00c4\u00e4ni p\u00e4\u00e4lle\/pois\";\n    });\n<\/script>\n<script>\n    jQuery(function(){\n        DEARPDF.defaults.text.toggleOutline = \"Sis\u00e4llysluettelo p\u00e4\u00e4lle\/pois\";\n    });\n<\/script>\n<script>\n    jQuery(function(){\n        DEARPDF.defaults.text.toggleThumbnails = \"Pienoiskuvat p\u00e4\u00e4lle\/pois\";\n    });\n<\/script>\n<script>\n    jQuery(function(){\n        DEARPDF.defaults.text.zoomIn = \"L\u00e4henn\u00e4\";\n    });\n<\/script>\n<script>\n    jQuery(function(){\n        DEARPDF.defaults.text.zoomOut = \"Loitonna\";\n    });\n<\/script>\n<script>\n    jQuery(function(){\n        DEARPDF.defaults.text.toggleFullscreen = \"Avaa kokoikkunaan\";\n    });\n<\/script>\n<script>\n    jQuery(function(){\n        DEARPDF.defaults.text.share = \"Jakaminen\";\n    });\n<\/script>\t\t\t\t<\/div>\n\t\t\t\t<\/div>\n\t\t\t\t<section class=\"elementor-section elementor-inner-section elementor-element elementor-element-e6951d4 elementor-section-full_width elementor-section-height-default elementor-section-height-default\" data-id=\"e6951d4\" data-element_type=\"section\" data-e-type=\"section\" data-settings=\"{&quot;jet_parallax_layout_list&quot;:[]}\">\n\t\t\t\t\t\t<div class=\"elementor-container elementor-column-gap-default\">\n\t\t\t\t\t<div class=\"elementor-column elementor-col-33 elementor-inner-column elementor-element elementor-element-7cb6a0c\" data-id=\"7cb6a0c\" data-element_type=\"column\" data-e-type=\"column\">\n\t\t\t<div class=\"elementor-widget-wrap elementor-element-populated\">\n\t\t\t\t\t\t<div class=\"elementor-element elementor-element-4a501911 elementor-widget elementor-widget-shortcode\" data-id=\"4a501911\" data-element_type=\"widget\" data-e-type=\"widget\" data-widget_type=\"shortcode.default\">\n\t\t\t\t<div class=\"elementor-widget-container\">\n\t\t\t\t\t\t\t<div class=\"elementor-shortcode\"><div class=\"df-element df-lite\"  data-slug=\"rn-2016-pa-svenska\" data-_slug=\"rn-2016-pa-svenska\" data-title=\"rn-2016-pa-svenska\" id=\"df_31172\" data-option=\"df_option_31172\" ><\/div><script class=\"df-shortcode-script\" type=\"application\/javascript\">window.df_option_31172 = {\"source\":\"https:\\\/\\\/dev6.nobreaks.fi\\\/wp-content\\\/uploads\\\/RetermiaNews_1_2015_RU_uudelleen-linkitetty-\\u2013-2024.pdf\",\"viewerType\":\"flipbook\",\"is3D\":true,\"enableSound\":false,\"slug\":\"rn-2016-pa-svenska\",\"id\":31172}; if(window.DEARPDF && window.DEARPDF.parseElements){window.DEARPDF.parseElements();}<\/script><\/div>\n\t\t\t\t\t\t<\/div>\n\t\t\t\t<\/div>\n\t\t\t\t\t<\/div>\n\t\t<\/div>\n\t\t\t\t<div class=\"elementor-column elementor-col-33 elementor-inner-column elementor-element elementor-element-7a0bf0b\" data-id=\"7a0bf0b\" data-element_type=\"column\" data-e-type=\"column\">\n\t\t\t<div class=\"elementor-widget-wrap\">\n\t\t\t\t\t\t\t<\/div>\n\t\t<\/div>\n\t\t\t\t<div class=\"elementor-column elementor-col-33 elementor-inner-column elementor-element elementor-element-8fe5f2d\" data-id=\"8fe5f2d\" data-element_type=\"column\" data-e-type=\"column\">\n\t\t\t<div class=\"elementor-widget-wrap\">\n\t\t\t\t\t\t\t<\/div>\n\t\t<\/div>\n\t\t\t\t\t<\/div>\n\t\t<\/section>\n\t\t\t\t\t<\/div>\n\t\t<\/div>\n\t\t\t\t\t<\/div>\n\t\t<\/section>\n\t\t\t\t<\/div>\n\t\t","protected":false},"excerpt":{"rendered":"<p>I Retermia Materialbank hittar du Retermia News 2014-2020, andra publikationer, Retermia-videor, installations- och underh\u00e5llsanvisningar samt dokument f\u00f6r konstrukt\u00f6ren.<\/p>\n","protected":false},"author":13,"featured_media":27849,"parent":0,"menu_order":0,"comment_status":"closed","ping_status":"closed","template":"","meta":{"inline_featured_image":false,"footnotes":""},"hakunakyvyys":[],"yhteinen-luokittelutieto":[],"sivujen-luokittelutieto":[],"class_list":["post-30046","page","type-page","status-publish","has-post-thumbnail","hentry"],"_links":{"self":[{"href":"https:\/\/dev6.nobreaks.fi\/sv\/wp-json\/wp\/v2\/pages\/30046","targetHints":{"allow":["GET"]}}],"collection":[{"href":"https:\/\/dev6.nobreaks.fi\/sv\/wp-json\/wp\/v2\/pages"}],"about":[{"href":"https:\/\/dev6.nobreaks.fi\/sv\/wp-json\/wp\/v2\/types\/page"}],"author":[{"embeddable":true,"href":"https:\/\/dev6.nobreaks.fi\/sv\/wp-json\/wp\/v2\/users\/13"}],"replies":[{"embeddable":true,"href":"https:\/\/dev6.nobreaks.fi\/sv\/wp-json\/wp\/v2\/comments?post=30046"}],"version-history":[{"count":0,"href":"https:\/\/dev6.nobreaks.fi\/sv\/wp-json\/wp\/v2\/pages\/30046\/revisions"}],"wp:featuredmedia":[{"embeddable":true,"href":"https:\/\/dev6.nobreaks.fi\/sv\/wp-json\/wp\/v2\/media\/27849"}],"wp:attachment":[{"href":"https:\/\/dev6.nobreaks.fi\/sv\/wp-json\/wp\/v2\/media?parent=30046"}],"wp:term":[{"taxonomy":"hakunakyvyys","embeddable":true,"href":"https:\/\/dev6.nobreaks.fi\/sv\/wp-json\/wp\/v2\/hakunakyvyys?post=30046"},{"taxonomy":"yhteinen-luokittelutieto","embeddable":true,"href":"https:\/\/dev6.nobreaks.fi\/sv\/wp-json\/wp\/v2\/yhteinen-luokittelutieto?post=30046"},{"taxonomy":"sivujen-luokittelutieto","embeddable":true,"href":"https:\/\/dev6.nobreaks.fi\/sv\/wp-json\/wp\/v2\/sivujen-luokittelutieto?post=30046"}],"curies":[{"name":"wp","href":"https:\/\/api.w.org\/{rel}","templated":true}]}}