{"id":29192,"date":"2023-10-19T16:00:39","date_gmt":"2023-10-19T13:00:39","guid":{"rendered":"https:\/\/dev6.nobreaks.fi\/?page_id=29192"},"modified":"2025-10-06T15:02:21","modified_gmt":"2025-10-06T12:02:21","slug":"retermia-shuntgrupper","status":"publish","type":"page","link":"https:\/\/dev6.nobreaks.fi\/sv\/retermia-shuntgrupper","title":{"rendered":"RETERMIA Shuntgrupper"},"content":{"rendered":"\t\t<div data-elementor-type=\"wp-page\" data-elementor-id=\"29192\" class=\"elementor elementor-29192 elementor-23003\" data-elementor-post-type=\"page\">\n\t\t\t\t\t\t<section class=\"elementor-section elementor-top-section elementor-element elementor-element-7db9733 elementor-section-height-min-height elementor-section-boxed elementor-section-height-default elementor-section-items-middle\" data-id=\"7db9733\" data-element_type=\"section\" data-e-type=\"section\" data-settings=\"{&quot;background_background&quot;:&quot;video&quot;,&quot;jet_parallax_layout_list&quot;:[],&quot;background_video_link&quot;:&quot;https:\\\/\\\/dev6.nobreaks.fi\\\/wp-content\\\/uploads\\\/102_retermia_toimilaitepaketit_video_171023-720p.mp4&quot;,&quot;background_play_on_mobile&quot;:&quot;yes&quot;,&quot;background_video_start&quot;:0}\">\n\t\t\t\t\t\t\t\t<div class=\"elementor-background-video-container\">\n\t\t\t\t\t\t\t\t\t\t\t\t\t<video class=\"elementor-background-video-hosted\" role=\"presentation\" autoplay muted playsinline loop><\/video>\n\t\t\t\t\t\t\t\t\t\t\t<\/div>\n\t\t\t\t\t\t\t\t<div class=\"elementor-container elementor-column-gap-default\">\n\t\t\t\t\t<div class=\"elementor-column elementor-col-100 elementor-top-column elementor-element elementor-element-0f82738\" data-id=\"0f82738\" data-element_type=\"column\" data-e-type=\"column\">\n\t\t\t<div class=\"elementor-widget-wrap elementor-element-populated\">\n\t\t\t\t\t\t<div class=\"elementor-element elementor-element-c23d5e0 elementor-widget elementor-widget-heading\" data-id=\"c23d5e0\" data-element_type=\"widget\" data-e-type=\"widget\" data-widget_type=\"heading.default\">\n\t\t\t\t<div class=\"elementor-widget-container\">\n\t\t\t\t\t<h2 class=\"elementor-heading-title elementor-size-default\">RETERMIA Shuntgrupper<\/h2>\t\t\t\t<\/div>\n\t\t\t\t<\/div>\n\t\t\t\t\t<\/div>\n\t\t<\/div>\n\t\t\t\t\t<\/div>\n\t\t<\/section>\n\t\t\t\t<section class=\"elementor-section elementor-top-section elementor-element elementor-element-2e07b06 elementor-section-boxed elementor-section-height-default elementor-section-height-default\" data-id=\"2e07b06\" data-element_type=\"section\" data-e-type=\"section\" data-settings=\"{&quot;jet_parallax_layout_list&quot;:[]}\">\n\t\t\t\t\t\t<div class=\"elementor-container elementor-column-gap-default\">\n\t\t\t\t\t<div class=\"elementor-column elementor-col-100 elementor-top-column elementor-element elementor-element-c28532c\" data-id=\"c28532c\" data-element_type=\"column\" data-e-type=\"column\">\n\t\t\t<div class=\"elementor-widget-wrap elementor-element-populated\">\n\t\t\t\t\t\t<div class=\"elementor-element elementor-element-b0898d5 elementor-widget elementor-widget-text-editor\" data-id=\"b0898d5\" data-element_type=\"widget\" data-e-type=\"widget\" data-widget_type=\"text-editor.default\">\n\t\t\t\t<div class=\"elementor-widget-container\">\n\t\t\t\t\t\t\t\t\t<p>SHUNTGRUPPERNA \u00e4r specialbyggda pumpgrupper med de viktigaste komponenterna f\u00f6r drift, styrning och \u00f6vervakning av n\u00e5lv\u00e4rmev\u00e4xlare f\u00f6rmonterade.<\/p>\n<p>Varje komponent (ventil, pump osv.) och r\u00f6rutlopp i shuntgruppen \u00e4r tydligt m\u00e4rkt. Pumparna \u00e4r anslutna till s\u00e4kerhetsbrytaren och sensorerna till kopplingsplinten.<\/p>\n\t\t\t\t\t\t\t\t<\/div>\n\t\t\t\t<\/div>\n\t\t\t\t<div class=\"elementor-element elementor-element-5412abf elementor-widget elementor-widget-heading\" data-id=\"5412abf\" data-element_type=\"widget\" data-e-type=\"widget\" data-widget_type=\"heading.default\">\n\t\t\t\t<div class=\"elementor-widget-container\">\n\t\t\t\t\t<h2 class=\"elementor-heading-title elementor-size-default\">F\u00f6rdelar<\/h2>\t\t\t\t<\/div>\n\t\t\t\t<\/div>\n\t\t\t\t<div class=\"elementor-element elementor-element-be95aa2 elementor-widget elementor-widget-text-editor\" data-id=\"be95aa2\" data-element_type=\"widget\" data-e-type=\"widget\" data-widget_type=\"text-editor.default\">\n\t\t\t\t<div class=\"elementor-widget-container\">\n\t\t\t\t\t\t\t\t\t<ul>\n<li><strong>Minskar risken f\u00f6r installationsfel.<\/strong> F\u00f6rmonterade komponenter garanterar ett slutresultat av h\u00f6g kvalitet.<\/li>\n<li><strong>Underl\u00e4ttar installation p\u00e5 plats.<\/strong> Kortare installationstid minskar ocks\u00e5 kostnaderna.<\/li>\n<\/ul>\n\t\t\t\t\t\t\t\t<\/div>\n\t\t\t\t<\/div>\n\t\t\t\t<div class=\"elementor-element elementor-element-6eb8529 elementor-widget elementor-widget-image\" data-id=\"6eb8529\" data-element_type=\"widget\" data-e-type=\"widget\" data-widget_type=\"image.default\">\n\t\t\t\t<div class=\"elementor-widget-container\">\n\t\t\t\t\t\t\t\t\t\t\t\t\t\t\t<img fetchpriority=\"high\" decoding=\"async\" width=\"768\" height=\"768\" src=\"https:\/\/dev6.nobreaks.fi\/wp-content\/uploads\/2-pumppuinen-tuotelaitepaketti-768x768.jpg\" class=\"attachment-medium_large size-medium_large wp-image-28061\" alt=\"\" srcset=\"https:\/\/dev6.nobreaks.fi\/wp-content\/uploads\/2-pumppuinen-tuotelaitepaketti-768x768.jpg 768w, https:\/\/dev6.nobreaks.fi\/wp-content\/uploads\/2-pumppuinen-tuotelaitepaketti-600x600.jpg 600w, https:\/\/dev6.nobreaks.fi\/wp-content\/uploads\/2-pumppuinen-tuotelaitepaketti-300x300.jpg 300w, https:\/\/dev6.nobreaks.fi\/wp-content\/uploads\/2-pumppuinen-tuotelaitepaketti.jpg 800w\" sizes=\"(max-width: 768px) 100vw, 768px\" \/>\t\t\t\t\t\t\t\t\t\t\t\t\t\t\t<\/div>\n\t\t\t\t<\/div>\n\t\t\t\t<div class=\"elementor-element elementor-element-5732bd8 elementor-widget elementor-widget-heading\" data-id=\"5732bd8\" data-element_type=\"widget\" data-e-type=\"widget\" data-widget_type=\"heading.default\">\n\t\t\t\t<div class=\"elementor-widget-container\">\n\t\t\t\t\t<h2 class=\"elementor-heading-title elementor-size-default\"><h2 style=\"letter-spacing: normal\">Utrustningsval<\/h2><\/h2>\t\t\t\t<\/div>\n\t\t\t\t<\/div>\n\t\t\t\t<div class=\"elementor-element elementor-element-054c992 elementor-widget elementor-widget-text-editor\" data-id=\"054c992\" data-element_type=\"widget\" data-e-type=\"widget\" data-widget_type=\"text-editor.default\">\n\t\t\t\t<div class=\"elementor-widget-container\">\n\t\t\t\t\t\t\t\t\t<p>Varje shuntgrupp \u00e4r sammansatt s\u00e5 att det uppfyller kraven f\u00f6r systemjustering av det objektet. Kunden eller konstrukt\u00f6ren kan fritt v\u00e4lja tillverkare av de olika komponenterna i shuntgruppen, t.ex. pumpar, plattv\u00e4rmev\u00e4xlare, reglerventiler eller temperatur- och trycktransmittrar. Retermia ansvarar f\u00f6r upphandling av komponenterna.<\/p>\n<p>Detaljerade m\u00e5ttritningar av shuntgruppen kommer att s\u00e4ndas vid orderbekr\u00e4ftelsen.<\/p>\n\t\t\t\t\t\t\t\t<\/div>\n\t\t\t\t<\/div>\n\t\t\t\t<div class=\"elementor-element elementor-element-646d344 elementor-widget elementor-widget-heading\" data-id=\"646d344\" data-element_type=\"widget\" data-e-type=\"widget\" data-widget_type=\"heading.default\">\n\t\t\t\t<div class=\"elementor-widget-container\">\n\t\t\t\t\t<h2 class=\"elementor-heading-title elementor-size-default\"><h2 data-elementor-setting-key=\"title\" data-pen-placeholder=\"Kirjoita t\u00e4h\u00e4n...\" style=\"text-transform: none;letter-spacing: normal\">Installation och underh\u00e5ll<\/h2><\/h2>\t\t\t\t<\/div>\n\t\t\t\t<\/div>\n\t\t\t\t<div class=\"elementor-element elementor-element-598ffbb elementor-widget elementor-widget-text-editor\" data-id=\"598ffbb\" data-element_type=\"widget\" data-e-type=\"widget\" data-widget_type=\"text-editor.default\">\n\t\t\t\t<div class=\"elementor-widget-container\">\n\t\t\t\t\t\t\t\t\t<p>Ett utrymme p\u00e5 cirka en meter i bredd och h\u00f6jd b\u00f6r reserveras f\u00f6r Retermia-shuntgruppen. Naturligtvis \u00e4r utrymmeskraven h\u00f6gre f\u00f6r st\u00f6rre shuntgrupper.<\/p>\n<p>Shuntgruppen inneh\u00e5ller ett st\u00f6d f\u00f6r v\u00e4ggmontering. Den finns \u00e4ven tillg\u00e4nglig med separata st\u00f6dben.<\/p>\n<p>Expansions- och p\u00e5fyllningsgrupper ing\u00e5r inte i Retermia-shuntgruppen.<\/p>\n<p>R\u00f6rentrepren\u00f6ren isolerar shuntgruppen p\u00e5 plats. Shuntgruppen kan st\u00e4ngas av fr\u00e5n r\u00f6rsystemet med ventiler vid underh\u00e5ll. Det skall finnas ett obehindrat utrymme framf\u00f6r shuntgruppen f\u00f6r underh\u00e5ll.<\/p>\n\t\t\t\t\t\t\t\t<\/div>\n\t\t\t\t<\/div>\n\t\t\t\t\t<\/div>\n\t\t<\/div>\n\t\t\t\t\t<\/div>\n\t\t<\/section>\n\t\t\t\t<\/div>\n\t\t","protected":false},"excerpt":{"rendered":"<p>RETERMIA Shuntgrupper \u00e4r specialbyggda pumpgrupper med de viktigaste komponenterna f\u00f6r drift, styrning och \u00f6vervakning av n\u00e5lv\u00e4rmev\u00e4xlare f\u00f6rmonterade. <\/p>\n","protected":false},"author":13,"featured_media":28701,"parent":0,"menu_order":0,"comment_status":"closed","ping_status":"closed","template":"elementor_header_footer","meta":{"inline_featured_image":false,"footnotes":""},"hakunakyvyys":[],"yhteinen-luokittelutieto":[],"sivujen-luokittelutieto":[],"class_list":["post-29192","page","type-page","status-publish","has-post-thumbnail","hentry"],"_links":{"self":[{"href":"https:\/\/dev6.nobreaks.fi\/sv\/wp-json\/wp\/v2\/pages\/29192","targetHints":{"allow":["GET"]}}],"collection":[{"href":"https:\/\/dev6.nobreaks.fi\/sv\/wp-json\/wp\/v2\/pages"}],"about":[{"href":"https:\/\/dev6.nobreaks.fi\/sv\/wp-json\/wp\/v2\/types\/page"}],"author":[{"embeddable":true,"href":"https:\/\/dev6.nobreaks.fi\/sv\/wp-json\/wp\/v2\/users\/13"}],"replies":[{"embeddable":true,"href":"https:\/\/dev6.nobreaks.fi\/sv\/wp-json\/wp\/v2\/comments?post=29192"}],"version-history":[{"count":3,"href":"https:\/\/dev6.nobreaks.fi\/sv\/wp-json\/wp\/v2\/pages\/29192\/revisions"}],"predecessor-version":[{"id":34619,"href":"https:\/\/dev6.nobreaks.fi\/sv\/wp-json\/wp\/v2\/pages\/29192\/revisions\/34619"}],"wp:featuredmedia":[{"embeddable":true,"href":"https:\/\/dev6.nobreaks.fi\/sv\/wp-json\/wp\/v2\/media\/28701"}],"wp:attachment":[{"href":"https:\/\/dev6.nobreaks.fi\/sv\/wp-json\/wp\/v2\/media?parent=29192"}],"wp:term":[{"taxonomy":"hakunakyvyys","embeddable":true,"href":"https:\/\/dev6.nobreaks.fi\/sv\/wp-json\/wp\/v2\/hakunakyvyys?post=29192"},{"taxonomy":"yhteinen-luokittelutieto","embeddable":true,"href":"https:\/\/dev6.nobreaks.fi\/sv\/wp-json\/wp\/v2\/yhteinen-luokittelutieto?post=29192"},{"taxonomy":"sivujen-luokittelutieto","embeddable":true,"href":"https:\/\/dev6.nobreaks.fi\/sv\/wp-json\/wp\/v2\/sivujen-luokittelutieto?post=29192"}],"curies":[{"name":"wp","href":"https:\/\/api.w.org\/{rel}","templated":true}]}}