{"id":28997,"date":"2023-01-24T12:23:41","date_gmt":"2023-01-24T10:23:41","guid":{"rendered":"https:\/\/dev6.nobreaks.fi\/?page_id=28997"},"modified":"2026-02-05T15:40:58","modified_gmt":"2026-02-05T13:40:58","slug":"varfor-valja-retermia","status":"publish","type":"page","link":"https:\/\/dev6.nobreaks.fi\/sv\/varfor-valja-retermia","title":{"rendered":"Varf\u00f6r v\u00e4lja Retermia"},"content":{"rendered":"\t\t<div data-elementor-type=\"wp-page\" data-elementor-id=\"28997\" class=\"elementor elementor-28997 elementor-3612\" data-elementor-post-type=\"page\">\n\t\t\t\t\t\t<section class=\"elementor-section elementor-top-section elementor-element elementor-element-6c31b4d7 elementor-section-height-min-height elementor-section-full_width elementor-section-height-default elementor-section-items-middle\" data-id=\"6c31b4d7\" data-element_type=\"section\" data-e-type=\"section\" data-settings=\"{&quot;background_background&quot;:&quot;classic&quot;,&quot;jet_parallax_layout_list&quot;:[]}\">\n\t\t\t\t\t\t<div class=\"elementor-container elementor-column-gap-default\">\n\t\t\t\t\t<div class=\"elementor-column elementor-col-100 elementor-top-column elementor-element elementor-element-39cd6800\" data-id=\"39cd6800\" data-element_type=\"column\" data-e-type=\"column\" data-settings=\"{&quot;background_background&quot;:&quot;classic&quot;}\">\n\t\t\t<div class=\"elementor-widget-wrap elementor-element-populated\">\n\t\t\t\t\t\t<div class=\"elementor-element elementor-element-63464a51 elementor-widget elementor-widget-heading\" data-id=\"63464a51\" data-element_type=\"widget\" data-e-type=\"widget\" data-widget_type=\"heading.default\">\n\t\t\t\t<div class=\"elementor-widget-container\">\n\t\t\t\t\t<h1 class=\"elementor-heading-title elementor-size-default\">Skr\u00e4ddarsydda och optimerade l\u00f6sningar<br>f\u00f6r v\u00e4rme\u00e5tervinning och ventilation<\/h1>\t\t\t\t<\/div>\n\t\t\t\t<\/div>\n\t\t\t\t\t<\/div>\n\t\t<\/div>\n\t\t\t\t\t<\/div>\n\t\t<\/section>\n\t\t\t\t<section class=\"elementor-section elementor-top-section elementor-element elementor-element-9fcd854 elementor-section-height-min-height elementor-section-boxed elementor-section-height-default elementor-section-items-middle\" data-id=\"9fcd854\" data-element_type=\"section\" data-e-type=\"section\" data-settings=\"{&quot;jet_parallax_layout_list&quot;:[]}\">\n\t\t\t\t\t\t<div class=\"elementor-container elementor-column-gap-default\">\n\t\t\t\t\t<div class=\"elementor-column elementor-col-100 elementor-top-column elementor-element elementor-element-3eb639d\" data-id=\"3eb639d\" data-element_type=\"column\" data-e-type=\"column\">\n\t\t\t<div class=\"elementor-widget-wrap elementor-element-populated\">\n\t\t\t\t\t\t<div class=\"elementor-element elementor-element-7bc4a14 elementor-widget elementor-widget-heading\" data-id=\"7bc4a14\" data-element_type=\"widget\" data-e-type=\"widget\" data-widget_type=\"heading.default\">\n\t\t\t\t<div class=\"elementor-widget-container\">\n\t\t\t\t\t<h2 class=\"elementor-heading-title elementor-size-default\"><span style=\"color: var( --e-global-color-primary );background-color: var( --e-global-color-100d932f )\">F\u00f6rdelarna med Retermia-l\u00f6sningen (ENG)<\/span><\/h2>\t\t\t\t<\/div>\n\t\t\t\t<\/div>\n\t\t\t\t<div class=\"elementor-element elementor-element-c15bc5c elementor-widget elementor-widget-video\" data-id=\"c15bc5c\" data-element_type=\"widget\" data-e-type=\"widget\" data-settings=\"{&quot;start&quot;:2,&quot;video_type&quot;:&quot;hosted&quot;,&quot;mute&quot;:&quot;yes&quot;,&quot;controls&quot;:&quot;yes&quot;}\" data-widget_type=\"video.default\">\n\t\t\t\t<div class=\"elementor-widget-container\">\n\t\t\t\t\t\t\t<div class=\"e-hosted-video elementor-wrapper elementor-open-inline\">\n\t\t\t\t\t<video class=\"elementor-video\" src=\"https:\/\/retermia-fi.b-cdn.net\/englanti%202.0\/115D%20Retermia%20Finnbuild%20messut_outrolla%20ja%20musiikilla%20ENG%2010_2024.mp4#t=2\" controls=\"\" preload=\"metadata\" muted=\"muted\" controlsList=\"nodownload\"><\/video>\n\t\t\t\t<\/div>\n\t\t\t\t\t\t<\/div>\n\t\t\t\t<\/div>\n\t\t\t\t\t<\/div>\n\t\t<\/div>\n\t\t\t\t\t<\/div>\n\t\t<\/section>\n\t\t\t\t<section class=\"elementor-section elementor-top-section elementor-element elementor-element-305e0a97 elementor-section-height-min-height elementor-section-boxed elementor-section-height-default elementor-section-items-middle\" data-id=\"305e0a97\" data-element_type=\"section\" data-e-type=\"section\" id=\"services\" data-settings=\"{&quot;jet_parallax_layout_list&quot;:[],&quot;background_background&quot;:&quot;classic&quot;}\">\n\t\t\t\t\t\t<div class=\"elementor-container elementor-column-gap-default\">\n\t\t\t\t\t<div class=\"elementor-column elementor-col-100 elementor-top-column elementor-element elementor-element-4bda3dc5\" data-id=\"4bda3dc5\" data-element_type=\"column\" data-e-type=\"column\">\n\t\t\t<div class=\"elementor-widget-wrap elementor-element-populated\">\n\t\t\t\t\t\t<div class=\"elementor-element elementor-element-528047f2 elementor-widget elementor-widget-heading\" data-id=\"528047f2\" data-element_type=\"widget\" data-e-type=\"widget\" data-widget_type=\"heading.default\">\n\t\t\t\t<div class=\"elementor-widget-container\">\n\t\t\t\t\t<h2 class=\"elementor-heading-title elementor-size-default\">F\u00f6rdelarna sammanfattade<\/h2>\t\t\t\t<\/div>\n\t\t\t\t<\/div>\n\t\t\t\t<div class=\"elementor-element elementor-element-05f953c elementor-widget elementor-widget-spacer\" data-id=\"05f953c\" data-element_type=\"widget\" data-e-type=\"widget\" data-widget_type=\"spacer.default\">\n\t\t\t\t<div class=\"elementor-widget-container\">\n\t\t\t\t\t\t\t<div class=\"elementor-spacer\">\n\t\t\t<div class=\"elementor-spacer-inner\"><\/div>\n\t\t<\/div>\n\t\t\t\t\t\t<\/div>\n\t\t\t\t<\/div>\n\t\t\t\t<section class=\"elementor-section elementor-inner-section elementor-element elementor-element-5f42270d elementor-section-full_width elementor-section-height-default elementor-section-height-default\" data-id=\"5f42270d\" data-element_type=\"section\" data-e-type=\"section\" data-settings=\"{&quot;jet_parallax_layout_list&quot;:[]}\">\n\t\t\t\t\t\t<div class=\"elementor-container elementor-column-gap-default\">\n\t\t\t\t\t<div class=\"elementor-column elementor-col-50 elementor-inner-column elementor-element elementor-element-33b5798b\" data-id=\"33b5798b\" data-element_type=\"column\" data-e-type=\"column\">\n\t\t\t<div class=\"elementor-widget-wrap elementor-element-populated\">\n\t\t\t\t\t\t<div class=\"elementor-element elementor-element-a3be604 elementor-widget elementor-widget-image\" data-id=\"a3be604\" data-element_type=\"widget\" data-e-type=\"widget\" data-widget_type=\"image.default\">\n\t\t\t\t<div class=\"elementor-widget-container\">\n\t\t\t\t\t\t\t\t\t\t\t\t\t\t\t<img decoding=\"async\" width=\"251\" height=\"84\" src=\"https:\/\/dev6.nobreaks.fi\/wp-content\/uploads\/1.jpg\" class=\"attachment-thumbnail size-thumbnail wp-image-28377\" alt=\"\" \/>\t\t\t\t\t\t\t\t\t\t\t\t\t\t\t<\/div>\n\t\t\t\t<\/div>\n\t\t\t\t<div class=\"elementor-element elementor-element-48160b92 elementor-widget elementor-widget-icon-box\" data-id=\"48160b92\" data-element_type=\"widget\" data-e-type=\"widget\" data-widget_type=\"icon-box.default\">\n\t\t\t\t<div class=\"elementor-widget-container\">\n\t\t\t\t\t\t\t<div class=\"elementor-icon-box-wrapper\">\n\n\t\t\t\n\t\t\t\t\t\t<div class=\"elementor-icon-box-content\">\n\n\t\t\t\t\t\t\t\t\t<h3 class=\"elementor-icon-box-title\">\n\t\t\t\t\t\t<span  >\n\t\t\t\t\t\t\tT\u00e5l smuts och<br>\u00e4r l\u00e4tt att tv\u00e4tta\t\t\t\t\t\t<\/span>\n\t\t\t\t\t<\/h3>\n\t\t\t\t\n\t\t\t\t\t\t\t\t\t<p class=\"elementor-icon-box-description\">\n\t\t\t\t\t\tN\u00e5lv\u00e4rmev\u00e4xlare \u00e4r l\u00e4mpliga f\u00f6r v\u00e4rme\u00e5tervinning i professionella k\u00f6k, bagerier, svetshaller och garage.\t\t\t\t\t<\/p>\n\t\t\t\t\n\t\t\t<\/div>\n\t\t\t\n\t\t<\/div>\n\t\t\t\t\t\t<\/div>\n\t\t\t\t<\/div>\n\t\t\t\t\t<\/div>\n\t\t<\/div>\n\t\t\t\t<div class=\"elementor-column elementor-col-50 elementor-inner-column elementor-element elementor-element-650eaeea\" data-id=\"650eaeea\" data-element_type=\"column\" data-e-type=\"column\">\n\t\t\t<div class=\"elementor-widget-wrap elementor-element-populated\">\n\t\t\t\t\t\t<div class=\"elementor-element elementor-element-fce3bd1 elementor-widget elementor-widget-image\" data-id=\"fce3bd1\" data-element_type=\"widget\" data-e-type=\"widget\" data-widget_type=\"image.default\">\n\t\t\t\t<div class=\"elementor-widget-container\">\n\t\t\t\t\t\t\t\t\t\t\t\t\t\t\t<img decoding=\"async\" width=\"251\" height=\"84\" src=\"https:\/\/dev6.nobreaks.fi\/wp-content\/uploads\/5.jpg\" class=\"attachment-thumbnail size-thumbnail wp-image-28383\" alt=\"\" \/>\t\t\t\t\t\t\t\t\t\t\t\t\t\t\t<\/div>\n\t\t\t\t<\/div>\n\t\t\t\t<div class=\"elementor-element elementor-element-4a22ac5 elementor-widget elementor-widget-icon-box\" data-id=\"4a22ac5\" data-element_type=\"widget\" data-e-type=\"widget\" data-widget_type=\"icon-box.default\">\n\t\t\t\t<div class=\"elementor-widget-container\">\n\t\t\t\t\t\t\t<div class=\"elementor-icon-box-wrapper\">\n\n\t\t\t\n\t\t\t\t\t\t<div class=\"elementor-icon-box-content\">\n\n\t\t\t\t\t\t\t\t\t<h3 class=\"elementor-icon-box-title\">\n\t\t\t\t\t\t<span  >\n\t\t\t\t\t\t\t\u00f6verl\u00e4gsen<br>tillf\u00f6rlitlighet\t\t\t\t\t\t<\/span>\n\t\t\t\t\t<\/h3>\n\t\t\t\t\n\t\t\t\t\t\t\t\t\t<p class=\"elementor-icon-box-description\">\n\t\t\t\t\t\tF\u00f6rhindrar att sn\u00f6 tr\u00e4nger in i ventilationssystemet. Huvudfiltret i tilluftsaggregatet f\u00f6rblir torrt och dess filtreringsklass konstant.\t\t\t\t\t<\/p>\n\t\t\t\t\n\t\t\t<\/div>\n\t\t\t\n\t\t<\/div>\n\t\t\t\t\t\t<\/div>\n\t\t\t\t<\/div>\n\t\t\t\t\t<\/div>\n\t\t<\/div>\n\t\t\t\t\t<\/div>\n\t\t<\/section>\n\t\t\t\t<div class=\"elementor-element elementor-element-63cf8bf elementor-widget elementor-widget-spacer\" data-id=\"63cf8bf\" data-element_type=\"widget\" data-e-type=\"widget\" data-widget_type=\"spacer.default\">\n\t\t\t\t<div class=\"elementor-widget-container\">\n\t\t\t\t\t\t\t<div class=\"elementor-spacer\">\n\t\t\t<div class=\"elementor-spacer-inner\"><\/div>\n\t\t<\/div>\n\t\t\t\t\t\t<\/div>\n\t\t\t\t<\/div>\n\t\t\t\t<section class=\"elementor-section elementor-inner-section elementor-element elementor-element-9ffdaae elementor-section-full_width elementor-section-height-default elementor-section-height-default\" data-id=\"9ffdaae\" data-element_type=\"section\" data-e-type=\"section\" data-settings=\"{&quot;jet_parallax_layout_list&quot;:[]}\">\n\t\t\t\t\t\t<div class=\"elementor-container elementor-column-gap-default\">\n\t\t\t\t\t<div class=\"elementor-column elementor-col-50 elementor-inner-column elementor-element elementor-element-4a2895b\" data-id=\"4a2895b\" data-element_type=\"column\" data-e-type=\"column\">\n\t\t\t<div class=\"elementor-widget-wrap elementor-element-populated\">\n\t\t\t\t\t\t<div class=\"elementor-element elementor-element-1f7b2c2 elementor-widget elementor-widget-image\" data-id=\"1f7b2c2\" data-element_type=\"widget\" data-e-type=\"widget\" data-widget_type=\"image.default\">\n\t\t\t\t<div class=\"elementor-widget-container\">\n\t\t\t\t\t\t\t\t\t\t\t\t\t\t\t<img decoding=\"async\" width=\"251\" height=\"84\" src=\"https:\/\/dev6.nobreaks.fi\/wp-content\/uploads\/4.jpg\" class=\"attachment-thumbnail size-thumbnail wp-image-28381\" alt=\"\" \/>\t\t\t\t\t\t\t\t\t\t\t\t\t\t\t<\/div>\n\t\t\t\t<\/div>\n\t\t\t\t<div class=\"elementor-element elementor-element-fd899e5 elementor-widget elementor-widget-icon-box\" data-id=\"fd899e5\" data-element_type=\"widget\" data-e-type=\"widget\" data-widget_type=\"icon-box.default\">\n\t\t\t\t<div class=\"elementor-widget-container\">\n\t\t\t\t\t\t\t<div class=\"elementor-icon-box-wrapper\">\n\n\t\t\t\n\t\t\t\t\t\t<div class=\"elementor-icon-box-content\">\n\n\t\t\t\t\t\t\t\t\t<h3 class=\"elementor-icon-box-title\">\n\t\t\t\t\t\t<span  >\n\t\t\t\t\t\t\tultraekonomisk<br>vid h\u00f6ga luftfl\u00f6den\t\t\t\t\t\t<\/span>\n\t\t\t\t\t<\/h3>\n\t\t\t\t\n\t\t\t\t\t\t\t\t\t<p class=\"elementor-icon-box-description\">\n\t\t\t\t\t\tH\u00f6g termisk verkningsgrad \u00e4ven vid l\u00e5ga utomhustemperaturer. RETCARE  luftbehandlingsaggregat uppn\u00e5r<br>0,5\u20130,7 kW\/m<sup>3<\/sup>\/s l\u00e4gre SFP j\u00e4mf\u00f6rt med konkurrerande luftbehandlingsaggregat med liknande funktioner.\t\t\t\t\t<\/p>\n\t\t\t\t\n\t\t\t<\/div>\n\t\t\t\n\t\t<\/div>\n\t\t\t\t\t\t<\/div>\n\t\t\t\t<\/div>\n\t\t\t\t\t<\/div>\n\t\t<\/div>\n\t\t\t\t<div class=\"elementor-column elementor-col-50 elementor-inner-column elementor-element elementor-element-05bf7b6\" data-id=\"05bf7b6\" data-element_type=\"column\" data-e-type=\"column\">\n\t\t\t<div class=\"elementor-widget-wrap elementor-element-populated\">\n\t\t\t\t\t\t<div class=\"elementor-element elementor-element-a04ea47 elementor-widget elementor-widget-image\" data-id=\"a04ea47\" data-element_type=\"widget\" data-e-type=\"widget\" data-widget_type=\"image.default\">\n\t\t\t\t<div class=\"elementor-widget-container\">\n\t\t\t\t\t\t\t\t\t\t\t\t\t\t\t<img loading=\"lazy\" decoding=\"async\" width=\"251\" height=\"84\" src=\"https:\/\/dev6.nobreaks.fi\/wp-content\/uploads\/3.jpg\" class=\"attachment-thumbnail size-thumbnail wp-image-28379\" alt=\"\" \/>\t\t\t\t\t\t\t\t\t\t\t\t\t\t\t<\/div>\n\t\t\t\t<\/div>\n\t\t\t\t<div class=\"elementor-element elementor-element-78734ab elementor-widget elementor-widget-icon-box\" data-id=\"78734ab\" data-element_type=\"widget\" data-e-type=\"widget\" data-widget_type=\"icon-box.default\">\n\t\t\t\t<div class=\"elementor-widget-container\">\n\t\t\t\t\t\t\t<div class=\"elementor-icon-box-wrapper\">\n\n\t\t\t\n\t\t\t\t\t\t<div class=\"elementor-icon-box-content\">\n\n\t\t\t\t\t\t\t\t\t<h3 class=\"elementor-icon-box-title\">\n\t\t\t\t\t\t<span  >\n\t\t\t\t\t\t\tL\u00c4TT ATT INSTALLERA<br> I RENOVERINGSOBJEKT\t\t\t\t\t\t<\/span>\n\t\t\t\t\t<\/h3>\n\t\t\t\t\n\t\t\t\t\t\t\t\t\t<p class=\"elementor-icon-box-description\">\n\t\t\t\t\t\tV\u00c5V-enheter kan placeras p\u00e5 en ytterv\u00e4gg eller p\u00e5 taket p\u00e5 en byggnad. Tack vare n\u00e5lv\u00e4rmev\u00e4xlarens l\u00e5ga tryckfall p\u00e5 luftsidan kan v\u00e4rme\u00e5tervinning l\u00e4ggas till i befintliga luftbehandlingsenheter utan att luftfl\u00f6det stryps.\t\t\t\t\t<\/p>\n\t\t\t\t\n\t\t\t<\/div>\n\t\t\t\n\t\t<\/div>\n\t\t\t\t\t\t<\/div>\n\t\t\t\t<\/div>\n\t\t\t\t\t<\/div>\n\t\t<\/div>\n\t\t\t\t\t<\/div>\n\t\t<\/section>\n\t\t\t\t\t<\/div>\n\t\t<\/div>\n\t\t\t\t\t<\/div>\n\t\t<\/section>\n\t\t\t\t<section class=\"elementor-section elementor-top-section elementor-element elementor-element-1534e32 elementor-section-full_width elementor-section-height-default elementor-section-height-default\" data-id=\"1534e32\" data-element_type=\"section\" data-e-type=\"section\" data-settings=\"{&quot;jet_parallax_layout_list&quot;:[],&quot;background_background&quot;:&quot;classic&quot;}\">\n\t\t\t\t\t\t<div class=\"elementor-container elementor-column-gap-default\">\n\t\t\t\t\t<div class=\"elementor-column elementor-col-100 elementor-top-column elementor-element elementor-element-83a9f2c\" data-id=\"83a9f2c\" data-element_type=\"column\" data-e-type=\"column\">\n\t\t\t<div class=\"elementor-widget-wrap elementor-element-populated\">\n\t\t\t\t\t\t<section class=\"elementor-section elementor-inner-section elementor-element elementor-element-ac7db47 elementor-section-boxed elementor-section-height-default elementor-section-height-default\" data-id=\"ac7db47\" data-element_type=\"section\" data-e-type=\"section\" data-settings=\"{&quot;jet_parallax_layout_list&quot;:[]}\">\n\t\t\t\t\t\t<div class=\"elementor-container elementor-column-gap-default\">\n\t\t\t\t\t<div class=\"elementor-column elementor-col-100 elementor-inner-column elementor-element elementor-element-566a38f\" data-id=\"566a38f\" data-element_type=\"column\" data-e-type=\"column\" data-settings=\"{&quot;background_background&quot;:&quot;classic&quot;}\">\n\t\t\t<div class=\"elementor-widget-wrap elementor-element-populated\">\n\t\t\t\t\t\t<div class=\"elementor-element elementor-element-2c2ce98 elementor-view-default elementor-widget elementor-widget-icon\" data-id=\"2c2ce98\" data-element_type=\"widget\" data-e-type=\"widget\" data-widget_type=\"icon.default\">\n\t\t\t\t<div class=\"elementor-widget-container\">\n\t\t\t\t\t\t\t<div class=\"elementor-icon-wrapper\">\n\t\t\t<div class=\"elementor-icon\">\n\t\t\t<svg xmlns=\"http:\/\/www.w3.org\/2000\/svg\" xmlns:xlink=\"http:\/\/www.w3.org\/1999\/xlink\" xmlns:serif=\"http:\/\/www.serif.com\/\" width=\"100%\" height=\"100%\" viewBox=\"0 0 140 98\" xml:space=\"preserve\" style=\"fill-rule:evenodd;clip-rule:evenodd;stroke-linejoin:round;stroke-miterlimit:2;\">    <path d=\"M62.23,65.69C62.7,83.36 48.43,97.81 30.84,97.66C13.59,97.5 -0.2,82.84 0,65.59C0.52,20.72 37.89,4.45 50.55,0.22C52.8,-0.53 55.22,0.71 55.93,2.97L55.95,3.03C56.58,5.05 55.62,7.21 53.72,8.12C46.99,11.32 31.92,19.99 25.11,36C27.34,35.56 29.67,35.36 32.05,35.43C48.46,35.91 61.8,49.29 62.23,65.69Z\" style=\"fill:white;fill-rule:nonzero;\"><\/path>    <path d=\"M139.11,65.69C139.58,83.36 125.31,97.81 107.72,97.66C90.47,97.51 76.69,82.85 76.89,65.6C77.4,20.72 114.77,4.45 127.43,0.22C129.68,-0.53 132.1,0.71 132.81,2.97L132.83,3.03C133.46,5.05 132.5,7.21 130.6,8.12C123.87,11.32 108.8,19.99 101.99,36C104.22,35.56 106.55,35.36 108.93,35.43C125.34,35.91 138.68,49.29 139.11,65.69Z\" style=\"fill:white;fill-rule:nonzero;\"><\/path><\/svg>\t\t\t<\/div>\n\t\t<\/div>\n\t\t\t\t\t\t<\/div>\n\t\t\t\t<\/div>\n\t\t\t\t<div class=\"elementor-element elementor-element-e636d55 elementor-widget elementor-widget-text-editor\" data-id=\"e636d55\" data-element_type=\"widget\" data-e-type=\"widget\" data-widget_type=\"text-editor.default\">\n\t\t\t\t<div class=\"elementor-widget-container\">\n\t\t\t\t\t\t\t\t\t<p style=\"text-align: center;\">Att arbeta med Retermia \u00e4r ett n\u00f6je. <br \/>Tj\u00e4nsten \u00e4r professionell och faktabaserad, och kommunikationen \u00e4r utm\u00e4rkt. Fr\u00e5gor besvaras alltid.<\/p>\n\t\t\t\t\t\t\t\t<\/div>\n\t\t\t\t<\/div>\n\t\t\t\t<div class=\"elementor-element elementor-element-05b7da6 elementor-view-default elementor-widget elementor-widget-icon\" data-id=\"05b7da6\" data-element_type=\"widget\" data-e-type=\"widget\" data-widget_type=\"icon.default\">\n\t\t\t\t<div class=\"elementor-widget-container\">\n\t\t\t\t\t\t\t<div class=\"elementor-icon-wrapper\">\n\t\t\t<div class=\"elementor-icon\">\n\t\t\t<svg xmlns=\"http:\/\/www.w3.org\/2000\/svg\" xmlns:xlink=\"http:\/\/www.w3.org\/1999\/xlink\" xmlns:serif=\"http:\/\/www.serif.com\/\" width=\"100%\" height=\"100%\" viewBox=\"0 0 150 100\" xml:space=\"preserve\" style=\"fill-rule:evenodd;clip-rule:evenodd;stroke-linejoin:round;stroke-miterlimit:2;\">    <g>        <path d=\"M82.87,33.2C82.4,15.54 96.66,1.08 114.26,1.24C131.51,1.39 145.29,16.05 145.09,33.3C144.57,78.18 107.2,94.44 94.54,98.67C92.29,99.42 89.87,98.18 89.16,95.92L89.14,95.86C88.51,93.84 89.47,91.68 91.37,90.77C98.1,87.57 113.17,78.9 119.98,62.89C117.75,63.33 115.42,63.53 113.04,63.46C96.64,62.99 83.3,49.61 82.87,33.2Z\" style=\"fill:white;fill-rule:nonzero;\"><\/path>        <path d=\"M5.99,33.2C5.52,15.54 19.78,1.08 37.38,1.24C54.63,1.39 68.41,16.05 68.21,33.3C67.7,78.17 30.33,94.44 17.66,98.67C15.41,99.42 12.99,98.18 12.28,95.92L12.26,95.86C11.63,93.84 12.59,91.68 14.49,90.77C21.22,87.57 36.29,78.9 43.1,62.89C40.87,63.33 38.54,63.53 36.16,63.46C19.76,62.99 6.42,49.61 5.99,33.2Z\" style=\"fill:white;fill-rule:nonzero;\"><\/path>    <\/g><\/svg>\t\t\t<\/div>\n\t\t<\/div>\n\t\t\t\t\t\t<\/div>\n\t\t\t\t<\/div>\n\t\t\t\t\t<\/div>\n\t\t<\/div>\n\t\t\t\t\t<\/div>\n\t\t<\/section>\n\t\t\t\t\t<\/div>\n\t\t<\/div>\n\t\t\t\t\t<\/div>\n\t\t<\/section>\n\t\t\t\t<\/div>\n\t\t","protected":false},"excerpt":{"rendered":"<p>Retermia n\u00e5lv\u00e4rmev\u00e4xlare \u00e4r smutstoleranta och l\u00e4tta att reng\u00f6ra. De f\u00f6rhindrar att sn\u00f6 tr\u00e4nger in i ventilationssystemet, \u00e4r mycket ekonomiska vid h\u00f6ga luftfl\u00f6den och enkla att installera i renoveringsprojekt.<\/p>\n","protected":false},"author":13,"featured_media":27735,"parent":0,"menu_order":0,"comment_status":"closed","ping_status":"closed","template":"elementor_header_footer","meta":{"inline_featured_image":false,"footnotes":""},"hakunakyvyys":[],"yhteinen-luokittelutieto":[],"sivujen-luokittelutieto":[],"class_list":["post-28997","page","type-page","status-publish","has-post-thumbnail","hentry"],"_links":{"self":[{"href":"https:\/\/dev6.nobreaks.fi\/sv\/wp-json\/wp\/v2\/pages\/28997","targetHints":{"allow":["GET"]}}],"collection":[{"href":"https:\/\/dev6.nobreaks.fi\/sv\/wp-json\/wp\/v2\/pages"}],"about":[{"href":"https:\/\/dev6.nobreaks.fi\/sv\/wp-json\/wp\/v2\/types\/page"}],"author":[{"embeddable":true,"href":"https:\/\/dev6.nobreaks.fi\/sv\/wp-json\/wp\/v2\/users\/13"}],"replies":[{"embeddable":true,"href":"https:\/\/dev6.nobreaks.fi\/sv\/wp-json\/wp\/v2\/comments?post=28997"}],"version-history":[{"count":10,"href":"https:\/\/dev6.nobreaks.fi\/sv\/wp-json\/wp\/v2\/pages\/28997\/revisions"}],"predecessor-version":[{"id":34859,"href":"https:\/\/dev6.nobreaks.fi\/sv\/wp-json\/wp\/v2\/pages\/28997\/revisions\/34859"}],"wp:featuredmedia":[{"embeddable":true,"href":"https:\/\/dev6.nobreaks.fi\/sv\/wp-json\/wp\/v2\/media\/27735"}],"wp:attachment":[{"href":"https:\/\/dev6.nobreaks.fi\/sv\/wp-json\/wp\/v2\/media?parent=28997"}],"wp:term":[{"taxonomy":"hakunakyvyys","embeddable":true,"href":"https:\/\/dev6.nobreaks.fi\/sv\/wp-json\/wp\/v2\/hakunakyvyys?post=28997"},{"taxonomy":"yhteinen-luokittelutieto","embeddable":true,"href":"https:\/\/dev6.nobreaks.fi\/sv\/wp-json\/wp\/v2\/yhteinen-luokittelutieto?post=28997"},{"taxonomy":"sivujen-luokittelutieto","embeddable":true,"href":"https:\/\/dev6.nobreaks.fi\/sv\/wp-json\/wp\/v2\/sivujen-luokittelutieto?post=28997"}],"curies":[{"name":"wp","href":"https:\/\/api.w.org\/{rel}","templated":true}]}}